{"id":803,"date":"2022-09-28T07:19:06","date_gmt":"2022-09-28T07:19:06","guid":{"rendered":"https:\/\/k-fachberatung.de\/?page_id=803"},"modified":"2022-09-28T07:25:18","modified_gmt":"2022-09-28T07:25:18","slug":"cookie-richtlinie","status":"publish","type":"page","link":"https:\/\/k-fachberatung.de\/de\/cookie-richtlinie\/","title":{"rendered":"Cookie-Richtlinie"},"content":{"rendered":"\t\t<div data-elementor-type=\"wp-page\" data-elementor-id=\"803\" class=\"elementor elementor-803\" data-elementor-settings=\"[]\">\n\t\t\t\t\t\t\t<div class=\"elementor-section-wrap\">\n\t\t\t\t\t\t\t<section class=\"elementor-section elementor-top-section elementor-element elementor-element-bc1bef4 elementor-section-boxed elementor-section-height-default elementor-section-height-default\" data-id=\"bc1bef4\" data-element_type=\"section\">\n\t\t\t\t\t\t<div class=\"elementor-container elementor-column-gap-default\">\n\t\t\t\t\t<div class=\"elementor-column elementor-col-100 elementor-top-column elementor-element elementor-element-cb33722\" data-id=\"cb33722\" data-element_type=\"column\">\n\t\t\t<div class=\"elementor-widget-wrap elementor-element-populated\">\n\t\t\t\t\t\t\t\t<div class=\"elementor-element elementor-element-5b50d45 elementor-widget elementor-widget-spacer\" data-id=\"5b50d45\" data-element_type=\"widget\" data-widget_type=\"spacer.default\">\n\t\t\t\t<div class=\"elementor-widget-container\">\n\t\t\t\t\t<div class=\"elementor-spacer\">\n\t\t\t<div class=\"elementor-spacer-inner\"><\/div>\n\t\t<\/div>\n\t\t\t\t<\/div>\n\t\t\t\t<\/div>\n\t\t\t\t\t<\/div>\n\t\t<\/div>\n\t\t\t\t\t\t\t<\/div>\n\t\t<\/section>\n\t\t\t\t<section class=\"elementor-section elementor-top-section elementor-element elementor-element-e4e25bb elementor-section-boxed elementor-section-height-default elementor-section-height-default\" data-id=\"e4e25bb\" data-element_type=\"section\">\n\t\t\t\t\t\t<div class=\"elementor-container elementor-column-gap-default\">\n\t\t\t\t\t<div class=\"elementor-column elementor-col-100 elementor-top-column elementor-element elementor-element-7dcd7cf\" data-id=\"7dcd7cf\" data-element_type=\"column\">\n\t\t\t<div class=\"elementor-widget-wrap elementor-element-populated\">\n\t\t\t\t\t\t\t\t<div class=\"elementor-element elementor-element-62988ff elementor-widget elementor-widget-heading\" data-id=\"62988ff\" data-element_type=\"widget\" data-widget_type=\"heading.default\">\n\t\t\t\t<div class=\"elementor-widget-container\">\n\t\t\t<h2 class=\"elementor-heading-title elementor-size-default\">Cookie-Richtlinie<\/h2>\t\t<\/div>\n\t\t\t\t<\/div>\n\t\t\t\t\t<\/div>\n\t\t<\/div>\n\t\t\t\t\t\t\t<\/div>\n\t\t<\/section>\n\t\t\t\t<section class=\"elementor-section elementor-top-section elementor-element elementor-element-da15ae9 elementor-section-boxed elementor-section-height-default elementor-section-height-default\" data-id=\"da15ae9\" data-element_type=\"section\">\n\t\t\t\t\t\t<div class=\"elementor-container elementor-column-gap-default\">\n\t\t\t\t\t<div class=\"elementor-column elementor-col-100 elementor-top-column elementor-element elementor-element-6d6babd\" data-id=\"6d6babd\" data-element_type=\"column\">\n\t\t\t<div class=\"elementor-widget-wrap elementor-element-populated\">\n\t\t\t\t\t\t\t\t<div class=\"elementor-element elementor-element-c61d40e elementor-widget elementor-widget-spacer\" data-id=\"c61d40e\" data-element_type=\"widget\" data-widget_type=\"spacer.default\">\n\t\t\t\t<div class=\"elementor-widget-container\">\n\t\t\t\t\t<div class=\"elementor-spacer\">\n\t\t\t<div class=\"elementor-spacer-inner\"><\/div>\n\t\t<\/div>\n\t\t\t\t<\/div>\n\t\t\t\t<\/div>\n\t\t\t\t\t<\/div>\n\t\t<\/div>\n\t\t\t\t\t\t\t<\/div>\n\t\t<\/section>\n\t\t\t\t<section class=\"elementor-section elementor-top-section elementor-element elementor-element-31e700d elementor-section-boxed elementor-section-height-default elementor-section-height-default\" data-id=\"31e700d\" data-element_type=\"section\">\n\t\t\t\t\t\t<div class=\"elementor-container elementor-column-gap-default\">\n\t\t\t\t\t<div class=\"elementor-column elementor-col-100 elementor-top-column elementor-element elementor-element-c88ab7b\" data-id=\"c88ab7b\" data-element_type=\"column\">\n\t\t\t<div class=\"elementor-widget-wrap elementor-element-populated\">\n\t\t\t\t\t\t\t\t<div class=\"elementor-element elementor-element-827f3af elementor-widget elementor-widget-text-editor\" data-id=\"827f3af\" data-element_type=\"widget\" data-widget_type=\"text-editor.default\">\n\t\t\t\t<div class=\"elementor-widget-container\">\n\t\t\t\t\t\t\t<strong>\u201eDiese Website verwendet Cookies\u201c<\/strong>\u00a0\u2013 Einen solchen Cookie Hinweis zum Einsatz von Cookies sieht man auf fast allen Webseiten, die das endg\u00fcltige\u00a0<a href=\"https:\/\/www.bst-systemtechnik.de\/dsgvo-2018-auswirkungen-auf-das-online-marketing\/\">Inkrafttreten der DSGVO am 25.05.2018<\/a>\u00a0ernst nehmen.\u00a0 Diese Webseiten kommen damit der Pflicht nach, \u00fcber die Speicherung von Nutzerdaten aufzukl\u00e4ren. Laut der E-Privacy-Richtlinie der EU, allgemein bekannt als \u201eCookie-Richtlinie\u201c, ist das Speichern dieser Informationen nur erlaubt, wenn die User darin einwilligen. In vielen EU-L\u00e4ndern wurden die Vorgaben bereits umgesetzt, in Deutschland dagegen erst am 25.05.2018.\n\nDann gilt das neue Bundesdatenschutzgesetz (BDSG). Eigentlich sollte die neue e-Privacy-Verordnung, deren Entwurf die EU am 10. Januar 2017 offiziell vorstellte, zeitgleich rechtskr\u00e4ftig werden. Denn sie gilt speziell im Anwendungsbereich von Cookies als detaillierte Erg\u00e4nzung der DSGVO. Zurzeit durchl\u00e4uft der Entwurf der neuen e-Privacy-Verordnung jedoch noch das europ\u00e4ische Parlament. Sie soll fr\u00fchestens im Mai 2019 zu geltendem Recht werden und damit die EU-Cookie-Richtlinie ersetzen sowie neue Regelungen erg\u00e4nzen. Ein Cookie Hinweis ist f\u00fcr eigentlich alle CMS obligatorisch. Nutzen Sie unser WordPress Plugin BST-DSGVO-Cookie f\u00fcr Ihre Sicherheit.\n\n<strong>BST-DSGVO-Cookie,\u00a0<\/strong>unser DSGVO konformes WordPress Plugin zur Information \u00fcber den Einsatz von Cookies, hat bereits\u00a0<strong>\u00fcber 5000 aktive Installation.<\/strong>\n\n&nbsp;\n<h3>BST DSGVO Cookie \u2013 WordPress Plugin<\/h3>\n<p class=\"statement\">F\u00fcr WordPress Nutzer haben wir ein einfach zu installierendes Plugin entwickelt, dass die Cookie Richtlinie der EU als Opt-in L\u00f6sung umsetzt. Das Plugin ist schlank und individuell an die CI der Website, also das Design, mit wenigen Klicks anpassbar. Besuchen Sie die Plugin Webseite bei wordpress.org (\u00a0<strong><a href=\"https:\/\/de.wordpress.org\/plugins\/bst-dsgvo-cookie\/\" target=\"_blank\" rel=\"nofollow noopener noreferrer\">BST-DSGVO-Cookie\u00a0<\/a><\/strong>) und nutzen das Plugin kostenlos auf Ihrer Webseite.<\/p>\n\n<h3>Cookie-Richtlinie der EU<\/h3>\nDie Cookie-Richtlinie sieht vor, dass die Besucher einer Website \u00fcber den Einsatz von Cookies in einer leicht verst\u00e4ndlichen Form informiert werden m\u00fcssen und damit die M\u00f6glichkeit haben der Speicherung Ihrer Daten zu widersprechend. Cookies d\u00fcrfen laut der Richtlinie nur dann ungefragt gesetzt werden, wenn sie technisch notwendig sind . Hierzu z\u00e4hlen zum Beispiel Session-Cookies zur Speicherung der Spracheinstellung, der Log-in-Daten und Daten des Warenkorbs eines Shops.\n\nF\u00fcr alle nicht notwendigen Cookies ben\u00f6tigen Website-Betreiber die Zustimmung der Nutzer. Vor allem Werbe-Cookies, die f\u00fcr das Retargeting genutzt werden, aber auch Traking- und Social-Media-Cookies z\u00e4hlen hierzu. Die EU-Richtlinie gibt allerdings nicht vor, wie die genannten Auflagen genau umzusetzen sind. Vor allem hinsichtlich der Einverst\u00e4ndniserkl\u00e4rung durch Website-Besucher herrscht Ungewissheit. Eventuell wird sich das wird sich mit der\u00a0<strong>e-Privacy-Verordnung<\/strong>\u00a0\u00e4ndern\n\nNotwendige Cookies d\u00fcrfen laut Cookie-Richtlinie von Anfang an gesetzt werden, also auch ohne vorherige Zustimmung durch den Nutzer. Demgegen\u00fcber m\u00fcssen Website-Besucher einwilligen, bevor die Cookies nicht notwendige Daten speichern. Somit verlangt die EU-Cookie-Richtlinie nach allgemeinem Verst\u00e4ndnis eine sogenannte\u00a0<strong>Opt-in-L\u00f6sung<\/strong>\u00a0bei nicht notwendigen Cookies.\n\n<strong>Unterschied zwischen Opt-out und Opt-in:<\/strong>\n<ul>\n \t<li>Opt-out: Cookies werden von Beginn an gesetzt \u2013 die User k\u00f6nnen der Datenspeicherung erst nachtr\u00e4glich widersprechen.<\/li>\n \t<li>Opt-in: Cookies werden nicht von Beginn an gesetzt, sondern erst, wenn der Nutzer der Datenspeicherung zustimmt.<\/li>\n<\/ul>\n<strong>Nutzen Sie unser kostenloses WordPress Plugin\u00a0<a href=\"https:\/\/de.wordpress.org\/plugins\/bst-dsgvo-cookie\/\" target=\"_blank\" rel=\"nofollow noopener noreferrer\">BST DSGVO Cookie<\/a>\u00a0um Ihre Webseite DSGVO konform zu machen.<\/strong>\n\n<span id=\"Haftungsausschluss\">Loggen<\/span>\u00a0Sie sich in Ihr WordPress ein und installieren Sie das Plugin einfach \u00fcber dem Men\u00fcpunkt\u00a0<strong>[Plugins]\u00a0 \u00bb [hinzuf\u00fcgen]<\/strong>. Suchen Sie dann nach BST-DSGVO-Cookie im offiziellen WordPress Repositry.\n<h3>Haftungsausschluss\u00a0BST DSGVO Cookie<\/h3>\n<div class=\"statement\">BST DSGVO Cookie ist ein WordPress Plugin und und wird kommerziellen und privaten Benutzern als OpenSouce Lizenz unter der GNU\u00a0<strong>(\u00a0<a href=\"https:\/\/www.gnu.org\/gnu\/\" target=\"_blank\" rel=\"noopener noreferrer\">https:\/\/www.gnu.org\/gnu\/<\/a>\u00a0<\/strong>) kostenlos zur Verf\u00fcgung gestellt.\u00a0Das Software Programm wurde gem\u00e4\u00df den hohen Qualit\u00e4tsstandards der WordPress Community entwickelt.\u00a0Trotzdem k\u00f6nnen auch bei sorgf\u00e4ltigster Vorgehensweise und Programmierung Softwarefehler oder Inkompatibilit\u00e4ten mit anderen Plugins oder dem eingesetztem Theme entstehen.\u00a0Die Installation und der Einsatz von BST DSGVO Cookie geschieht immer auf eigene Gefahr des Webseiten Betreibers.&nbsp;\n\nRechtssicherheit zur Informationspflicht des Seitenbetreibers kann alleine durch BST DSGVO Cookie nicht hergestellt werden.\u00a0BST DSGVO Cookie dient der allgemeinen Informationspflicht zum Einsatz von Cookies und und schlie\u00dft einen Haftungsanspruch auf Vollst\u00e4ndigkeit und Rechtssicherheit aus.\u00a0BST Systemtechnik kann und darf keine Rechtsberatung leisten.\n\n<\/div>\t\t\t\t\t\t<\/div>\n\t\t\t\t<\/div>\n\t\t\t\t\t<\/div>\n\t\t<\/div>\n\t\t\t\t\t\t\t<\/div>\n\t\t<\/section>\n\t\t\t\t\t\t<\/div>\n\t\t\t\t\t<\/div>\n\t\t","protected":false},"excerpt":{"rendered":"<p>Cookie-Richtlinie \u201eDiese Website verwendet Cookies\u201c\u00a0\u2013 Einen solchen Cookie Hinweis zum Einsatz von Cookies sieht man auf fast allen Webseiten, die das endg\u00fcltige\u00a0Inkrafttreten der DSGVO am 25.05.2018\u00a0ernst nehmen.\u00a0 Diese Webseiten kommen damit der Pflicht nach, \u00fcber die Speicherung von Nutzerdaten aufzukl\u00e4ren. Laut der E-Privacy-Richtlinie der EU, allgemein bekannt als \u201eCookie-Richtlinie\u201c, ist das Speichern dieser Informationen nur&hellip;&nbsp;<a href=\"https:\/\/k-fachberatung.de\/de\/cookie-richtlinie\/\" class=\"\" rel=\"bookmark\">Weiterlesen &raquo;<span class=\"screen-reader-text\">Cookie-Richtlinie<\/span><\/a><\/p>\n","protected":false},"author":1,"featured_media":0,"parent":0,"menu_order":0,"comment_status":"closed","ping_status":"closed","template":"page-templates\/template-pagebuilder-full-width.php","meta":{"om_disable_all_campaigns":false,"_monsterinsights_skip_tracking":false,"_monsterinsights_sitenote_active":false,"_monsterinsights_sitenote_note":"","_monsterinsights_sitenote_category":0,"neve_meta_sidebar":"","neve_meta_container":"","neve_meta_enable_content_width":"","neve_meta_content_width":0,"neve_meta_title_alignment":"","neve_meta_author_avatar":"","neve_post_elements_order":"","neve_meta_disable_header":"","neve_meta_disable_footer":"","neve_meta_disable_title":"","_ti_tpc_template_sync":false,"_ti_tpc_template_id":""},"aioseo_notices":[],"_links":{"self":[{"href":"https:\/\/k-fachberatung.de\/de\/wp-json\/wp\/v2\/pages\/803"}],"collection":[{"href":"https:\/\/k-fachberatung.de\/de\/wp-json\/wp\/v2\/pages"}],"about":[{"href":"https:\/\/k-fachberatung.de\/de\/wp-json\/wp\/v2\/types\/page"}],"author":[{"embeddable":true,"href":"https:\/\/k-fachberatung.de\/de\/wp-json\/wp\/v2\/users\/1"}],"replies":[{"embeddable":true,"href":"https:\/\/k-fachberatung.de\/de\/wp-json\/wp\/v2\/comments?post=803"}],"version-history":[{"count":7,"href":"https:\/\/k-fachberatung.de\/de\/wp-json\/wp\/v2\/pages\/803\/revisions"}],"predecessor-version":[{"id":811,"href":"https:\/\/k-fachberatung.de\/de\/wp-json\/wp\/v2\/pages\/803\/revisions\/811"}],"wp:attachment":[{"href":"https:\/\/k-fachberatung.de\/de\/wp-json\/wp\/v2\/media?parent=803"}],"curies":[{"name":"wp","href":"https:\/\/api.w.org\/{rel}","templated":true}]}}