{"id":782,"date":"2022-09-26T11:59:46","date_gmt":"2022-09-26T11:59:46","guid":{"rendered":"https:\/\/k-fachberatung.de\/?page_id=782"},"modified":"2024-03-20T21:27:32","modified_gmt":"2024-03-20T21:27:32","slug":"datenschutz","status":"publish","type":"page","link":"https:\/\/k-fachberatung.de\/en\/datenschutz\/","title":{"rendered":"Datenschutz"},"content":{"rendered":"<div data-elementor-type=\"wp-page\" data-elementor-id=\"782\" class=\"elementor elementor-782\" data-elementor-settings=\"[]\">\n\t\t\t\t\t\t\t<div class=\"elementor-section-wrap\">\n\t\t\t\t\t\t\t<section class=\"elementor-section elementor-top-section elementor-element elementor-element-56fa85f elementor-section-boxed elementor-section-height-default elementor-section-height-default\" data-id=\"56fa85f\" data-element_type=\"section\">\n\t\t\t\t\t\t<div class=\"elementor-container elementor-column-gap-default\">\n\t\t\t\t\t<div class=\"elementor-column elementor-col-100 elementor-top-column elementor-element elementor-element-2a35fab\" data-id=\"2a35fab\" data-element_type=\"column\">\n\t\t\t<div class=\"elementor-widget-wrap elementor-element-populated\">\n\t\t\t\t\t\t\t\t<div class=\"elementor-element elementor-element-a94166c elementor-widget elementor-widget-spacer\" data-id=\"a94166c\" data-element_type=\"widget\" data-widget_type=\"spacer.default\">\n\t\t\t\t<div class=\"elementor-widget-container\">\n\t\t\t\t\t<div class=\"elementor-spacer\">\n\t\t\t<div class=\"elementor-spacer-inner\"><\/div>\n\t\t<\/div>\n\t\t\t\t<\/div>\n\t\t\t\t<\/div>\n\t\t\t\t\t<\/div>\n\t\t<\/div>\n\t\t\t\t\t\t\t<\/div>\n\t\t<\/section>\n\t\t\t\t<section class=\"elementor-section elementor-top-section elementor-element elementor-element-95c3b5b elementor-section-boxed elementor-section-height-default elementor-section-height-default\" data-id=\"95c3b5b\" data-element_type=\"section\">\n\t\t\t\t\t\t<div class=\"elementor-container elementor-column-gap-default\">\n\t\t\t\t\t<div class=\"elementor-column elementor-col-100 elementor-top-column elementor-element elementor-element-88cbc4c\" data-id=\"88cbc4c\" data-element_type=\"column\">\n\t\t\t<div class=\"elementor-widget-wrap elementor-element-populated\">\n\t\t\t\t\t\t\t\t<div class=\"elementor-element elementor-element-24ae107 elementor-widget elementor-widget-heading\" data-id=\"24ae107\" data-element_type=\"widget\" data-widget_type=\"heading.default\">\n\t\t\t\t<div class=\"elementor-widget-container\">\n\t\t\t<h2 class=\"elementor-heading-title elementor-size-default\">Datenschutzerkl\u00e4rung<\/h2>\t\t<\/div>\n\t\t\t\t<\/div>\n\t\t\t\t\t<\/div>\n\t\t<\/div>\n\t\t\t\t\t\t\t<\/div>\n\t\t<\/section>\n\t\t\t\t<section class=\"elementor-section elementor-top-section elementor-element elementor-element-07aaec2 elementor-section-boxed elementor-section-height-default elementor-section-height-default\" data-id=\"07aaec2\" data-element_type=\"section\">\n\t\t\t\t\t\t<div class=\"elementor-container elementor-column-gap-default\">\n\t\t\t\t\t<div class=\"elementor-column elementor-col-100 elementor-top-column elementor-element elementor-element-d5f2770\" data-id=\"d5f2770\" data-element_type=\"column\">\n\t\t\t<div class=\"elementor-widget-wrap elementor-element-populated\">\n\t\t\t\t\t\t\t\t<div class=\"elementor-element elementor-element-fe81165 elementor-widget elementor-widget-text-editor\" data-id=\"fe81165\" data-element_type=\"widget\" data-widget_type=\"text-editor.default\">\n\t\t\t\t<div class=\"elementor-widget-container\">\n\t\t\t\t\t\t\t<p><\/p>\n<p style=\"color: #222222; font-family: Arial, Helvetica, sans-serif; font-size: small; background-image: initial; background-position: initial; background-size: initial; background-repeat: initial; background-attachment: initial; background-origin: initial; background-clip: initial; margin-right: 0cm; margin-bottom: 15pt; margin-left: 0cm; border: none; padding: 0cm;\"><strong><span style=\"font-size: 12pt; font-family: 'Segoe UI', sans-serif; color: #0d0d0d; border: 1pt solid #e3e3e3; padding: 0cm;\">Einleitung und \u00dcberblick<\/span><\/strong><u><\/u><u><\/u><\/p>\n<p style=\"color: #222222; font-family: Arial, Helvetica, sans-serif; font-size: small;\"><span style=\"font-size: 12pt; font-family: 'Segoe UI', sans-serif; color: #0d0d0d;\">Diese Datenschutzerkl\u00e4rung gilt f\u00fcr die Nutzung der Dienste von K-Fachberatung.de (K-Gutachter.de GbR), nachstehend als &#8222;Wir&#8220;, &#8222;Uns&#8220; oder &#8222;Unser Unternehmen&#8220; bezeichnet. In dieser Datenschutzerkl\u00e4rung informieren wir Sie dar\u00fcber, wie wir personenbezogene Daten erfassen, verwenden, offenlegen und sch\u00fctzen, wenn Sie unsere Dienste nutzen, und \u00fcber Ihre damit verbundenen Rechte.<u><\/u><u><\/u><\/span><\/p>\n<p style=\"color: #222222; font-family: Arial, Helvetica, sans-serif; font-size: small;\"><strong><span style=\"font-size: 12pt; font-family: 'Segoe UI', sans-serif; color: #0d0d0d; border: 1pt solid #e3e3e3; padding: 0cm;\">Anwendungsbereich<\/span><\/strong><u><\/u><u><\/u><\/p>\n<p style=\"color: #222222; font-family: Arial, Helvetica, sans-serif; font-size: small;\"><span style=\"font-size: 12pt; font-family: 'Segoe UI', sans-serif; color: #0d0d0d;\">Diese Datenschutzerkl\u00e4rung gilt f\u00fcr alle Dienste, die von K-Fachberatung.de angeboten werden.<u><\/u><u><\/u><\/span><\/p>\n<p style=\"color: #222222; font-family: Arial, Helvetica, sans-serif; font-size: small;\"><strong><span style=\"font-size: 12pt; font-family: 'Segoe UI', sans-serif; color: #0d0d0d; border: 1pt solid #e3e3e3; padding: 0cm;\">Rechtsgrundlagen<\/span><\/strong><u><\/u><u><\/u><\/p>\n<p style=\"color: #222222; font-family: Arial, Helvetica, sans-serif; font-size: small;\"><span style=\"font-size: 12pt; font-family: 'Segoe UI', sans-serif; color: #0d0d0d;\">Unsere Datenverarbeitung basiert auf den geltenden Datenschutzgesetzen, einschlie\u00dflich der Datenschutz-Grundverordnung (DSGVO).<u><\/u><u><\/u><\/span><\/p>\n<p style=\"color: #222222; font-family: Arial, Helvetica, sans-serif; font-size: small;\"><strong><span style=\"font-size: 12pt; font-family: 'Segoe UI', sans-serif; color: #0d0d0d; border: 1pt solid #e3e3e3; padding: 0cm;\">Kontaktdaten des Verantwortlichen<\/span><\/strong><u><\/u><u><\/u><\/p>\n<p style=\"color: #222222; font-family: Arial, Helvetica, sans-serif; font-size: small;\"><span style=\"font-size: 12pt; font-family: 'Segoe UI', sans-serif; color: #0d0d0d;\">Verantwortlich f\u00fcr die Datenverarbeitung ist:<u><\/u><u><\/u><\/span><\/p>\n<p style=\"color: #222222; font-family: Arial, Helvetica, sans-serif; font-size: small;\"><span style=\"font-size: 12pt; font-family: 'Segoe UI', sans-serif; color: #0d0d0d;\">K-Gutachter.de GbR vertreten durch Michael Klemt und Enis Karanlik,<br>&nbsp;Karlsbader Stra\u00dfe 13, 74211 Leingarten \/ Deutschland,<br>&nbsp;<a style=\"color: #1155cc;\" href=\"mailto:info@k-fachberatung.de\" target=\"_blank\" rel=\"noopener noreferrer\">info@k-fachberatung.de<\/a>, Telefon: +49 176\/57974521<u><\/u><u><\/u><\/span><\/p>\n<p style=\"color: #222222; font-family: Arial, Helvetica, sans-serif; font-size: small;\"><strong><span style=\"font-size: 12pt; font-family: 'Segoe UI', sans-serif; color: #0d0d0d; border: 1pt solid #e3e3e3; padding: 0cm;\">Speicherdauer<\/span><\/strong><u><\/u><u><\/u><\/p>\n<p style=\"color: #222222; font-family: Arial, Helvetica, sans-serif; font-size: small;\"><span style=\"font-size: 12pt; font-family: 'Segoe UI', sans-serif; color: #0d0d0d;\">Wir speichern personenbezogene Daten nur so lange, wie es f\u00fcr die Bereitstellung unserer Dienste und die Erf\u00fcllung rechtlicher Verpflichtungen erforderlich ist.<u><\/u><u><\/u><\/span><\/p>\n<p style=\"color: #222222; font-family: Arial, Helvetica, sans-serif; font-size: small;\"><strong><span style=\"font-size: 12pt; font-family: 'Segoe UI', sans-serif; color: #0d0d0d; border: 1pt solid #e3e3e3; padding: 0cm;\">Rechte laut Datenschutz Grundverordnung<\/span><\/strong><u><\/u><u><\/u><\/p>\n<p style=\"color: #222222; font-family: Arial, Helvetica, sans-serif; font-size: small;\"><span style=\"font-size: 12pt; font-family: 'Segoe UI', sans-serif; color: #0d0d0d;\">Gem\u00e4\u00df der Datenschutz-Grundverordnung (DSGVO) haben Sie bestimmte Rechte in Bezug auf Ihre personenbezogenen Daten, einschlie\u00dflich des Rechts auf Zugriff, Berichtigung, L\u00f6schung, Einschr\u00e4nkung der Verarbeitung, Daten\u00fcbertragbarkeit und Widerspruch gegen die Verarbeitung. Bitte kontaktieren Sie uns, um von diesen Rechten Gebrauch zu machen.<u><\/u><u><\/u><\/span><\/p>\n<p style=\"color: #222222; font-family: Arial, Helvetica, sans-serif; font-size: small;\"><strong><span style=\"font-size: 12pt; font-family: 'Segoe UI', sans-serif; color: #0d0d0d; border: 1pt solid #e3e3e3; padding: 0cm;\">Daten\u00fcbertragung in Drittl\u00e4nder<\/span><\/strong><u><\/u><u><\/u><\/p>\n<p style=\"color: #222222; font-family: Arial, Helvetica, sans-serif; font-size: small;\"><span style=\"font-size: 12pt; font-family: 'Segoe UI', sans-serif; color: #0d0d0d;\">Personenbezogene Daten k\u00f6nnen in L\u00e4nder au\u00dferhalb des Europ\u00e4ischen Wirtschaftsraums \u00fcbertragen werden, wenn dies zur Erf\u00fcllung unserer vertraglichen Verpflichtungen erforderlich ist. Wir treffen angemessene Ma\u00dfnahmen, um sicherzustellen, dass Ihre Daten gesch\u00fctzt bleiben.<u><\/u><u><\/u><\/span><\/p>\n<p style=\"color: #222222; font-family: Arial, Helvetica, sans-serif; font-size: small;\"><strong><span style=\"font-size: 12pt; font-family: 'Segoe UI', sans-serif; color: #0d0d0d; border: 1pt solid #e3e3e3; padding: 0cm;\">Kommunikation<\/span><\/strong><u><\/u><u><\/u><\/p>\n<p style=\"color: #222222; font-family: Arial, Helvetica, sans-serif; font-size: small;\"><span style=\"font-size: 12pt; font-family: 'Segoe UI', sans-serif; color: #0d0d0d;\">Wir k\u00f6nnen Ihre personenbezogenen Daten verwenden, um mit Ihnen zu kommunizieren, z.B. um auf Anfragen zu antworten oder wichtige Informationen bereitzustellen.<u><\/u><u><\/u><\/span><\/p>\n<p style=\"color: #222222; font-family: Arial, Helvetica, sans-serif; font-size: small;\"><strong><span style=\"font-size: 12pt; font-family: 'Segoe UI', sans-serif; color: #0d0d0d; border: 1pt solid #e3e3e3; padding: 0cm;\">Cookies<\/span><\/strong><u><\/u><u><\/u><\/p>\n<p style=\"color: #222222; font-family: Arial, Helvetica, sans-serif; font-size: small;\"><span style=\"font-size: 12pt; font-family: 'Segoe UI', sans-serif; color: #0d0d0d;\">Wir verwenden m\u00f6glicherweise Cookies und \u00e4hnliche Tracking-Technologien, um die Nutzung unserer Dienste zu analysieren und zu verbessern. Sie k\u00f6nnen die Verwendung von Cookies in Ihren Browsereinstellungen steuern und ablehnen, jedoch kann dies die Nutzung einiger Funktionen unserer Dienste beeintr\u00e4chtigen.<u><\/u><u><\/u><\/span><\/p>\n<p style=\"color: #222222; font-family: Arial, Helvetica, sans-serif; font-size: small;\"><strong><span style=\"font-size: 12pt; font-family: 'Segoe UI', sans-serif; color: #0d0d0d; border: 1pt solid #e3e3e3; padding: 0cm;\">Bewerbungsdaten<\/span><\/strong><u><\/u><u><\/u><\/p>\n<p style=\"color: #222222; font-family: Arial, Helvetica, sans-serif; font-size: small;\"><span style=\"font-size: 12pt; font-family: 'Segoe UI', sans-serif; color: #0d0d0d;\">Wenn Sie sich bei uns bewerben, erfassen wir m\u00f6glicherweise personenbezogene Daten im Rahmen des Bewerbungsprozesses. Diese Daten werden nur f\u00fcr den Zweck der Bewerbung verwendet und nicht ohne Ihre Zustimmung an Dritte weitergegeben.<u><\/u><u><\/u><\/span><\/p>\n<p style=\"color: #222222; font-family: Arial, Helvetica, sans-serif; font-size: small;\"><strong><span style=\"font-size: 12pt; font-family: 'Segoe UI', sans-serif; color: #0d0d0d; border: 1pt solid #e3e3e3; padding: 0cm;\">Webhosting Einleitung<\/span><\/strong><u><\/u><u><\/u><\/p>\n<p style=\"color: #222222; font-family: Arial, Helvetica, sans-serif; font-size: small;\"><span style=\"font-size: 12pt; font-family: 'Segoe UI', sans-serif; color: #0d0d0d;\">F\u00fcr die Bereitstellung unserer Website nutzen wir Webhosting-Dienste von Drittanbietern. Diese Dienstleister k\u00f6nnen Zugriff auf personenbezogene Daten haben, die im Rahmen der Nutzung unserer Website erhoben werden. Wir treffen angemessene vertragliche und technische Ma\u00dfnahmen, um sicherzustellen, dass Ihre Daten gesch\u00fctzt sind.<u><\/u><u><\/u><\/span><\/p>\n<p style=\"color: #222222; font-family: Arial, Helvetica, sans-serif; font-size: small;\"><strong><span style=\"font-size: 12pt; font-family: 'Segoe UI', sans-serif; color: #0d0d0d; border: 1pt solid #e3e3e3; padding: 0cm;\">Website Baukastensysteme Einleitung<\/span><\/strong><u><\/u><u><\/u><\/p>\n<p style=\"color: #222222; font-family: Arial, Helvetica, sans-serif; font-size: small;\"><span style=\"font-size: 12pt; font-family: 'Segoe UI', sans-serif; color: #0d0d0d;\">Unsere Website kann Baukastensysteme von Drittanbietern nutzen, um Inhalte zu erstellen und zu verwalten. Diese Systeme k\u00f6nnen Cookies und \u00e4hnliche Technologien verwenden, um die Nutzung der Website zu analysieren und zu verbessern.<u><\/u><u><\/u><\/span><\/p>\n<p style=\"color: #222222; font-family: Arial, Helvetica, sans-serif; font-size: small;\"><strong><span style=\"font-size: 12pt; font-family: 'Segoe UI', sans-serif; color: #0d0d0d; border: 1pt solid #e3e3e3; padding: 0cm;\">Social Media Einleitung<\/span><\/strong><u><\/u><u><\/u><\/p>\n<p style=\"color: #222222; font-family: Arial, Helvetica, sans-serif; font-size: small;\"><span style=\"font-size: 12pt; font-family: 'Segoe UI', sans-serif; color: #0d0d0d;\">Wir k\u00f6nnen Social-Media-Plattformen nutzen, um mit unseren Kunden zu kommunizieren und unsere Dienste zu bewerben. Bitte beachten Sie, dass Ihre Interaktionen mit diesen Plattformen den Datenschutzbestimmungen der jeweiligen Plattformen unterliegen.<\/span><\/p>\t\t\t\t\t\t<\/div>\n\t\t\t\t<\/div>\n\t\t\t\t\t<\/div>\n\t\t<\/div>\n\t\t\t\t\t\t\t<\/div>\n\t\t<\/section>\n\t\t\t\t\t\t<\/div>\n\t\t\t\t\t<\/div>","protected":false},"excerpt":{"rendered":"<p>Datenschutzerkl\u00e4rung Einleitung und \u00dcberblick Diese Datenschutzerkl\u00e4rung gilt f\u00fcr die Nutzung der Dienste von K-Fachberatung.de (K-Gutachter.de GbR), nachstehend als &#8222;Wir&#8220;, &#8222;Uns&#8220; oder &#8222;Unser Unternehmen&#8220; bezeichnet. In dieser Datenschutzerkl\u00e4rung informieren wir Sie dar\u00fcber, wie wir personenbezogene Daten erfassen, verwenden, offenlegen und sch\u00fctzen, wenn Sie unsere Dienste nutzen, und \u00fcber Ihre damit verbundenen Rechte. Anwendungsbereich Diese Datenschutzerkl\u00e4rung gilt&hellip;&nbsp;<a href=\"https:\/\/k-fachberatung.de\/en\/datenschutz\/\" class=\"\" rel=\"bookmark\">Read More &raquo;<span class=\"screen-reader-text\">Datenschutz<\/span><\/a><\/p>","protected":false},"author":1,"featured_media":0,"parent":0,"menu_order":0,"comment_status":"closed","ping_status":"closed","template":"page-templates\/template-pagebuilder-full-width.php","meta":{"om_disable_all_campaigns":true,"_monsterinsights_skip_tracking":false,"_monsterinsights_sitenote_active":false,"_monsterinsights_sitenote_note":"","_monsterinsights_sitenote_category":0,"neve_meta_sidebar":"","neve_meta_container":"","neve_meta_enable_content_width":"","neve_meta_content_width":0,"neve_meta_title_alignment":"","neve_meta_author_avatar":"","neve_post_elements_order":"","neve_meta_disable_header":"","neve_meta_disable_footer":"","neve_meta_disable_title":"","_ti_tpc_template_sync":false,"_ti_tpc_template_id":""},"aioseo_notices":[],"_links":{"self":[{"href":"https:\/\/k-fachberatung.de\/en\/wp-json\/wp\/v2\/pages\/782"}],"collection":[{"href":"https:\/\/k-fachberatung.de\/en\/wp-json\/wp\/v2\/pages"}],"about":[{"href":"https:\/\/k-fachberatung.de\/en\/wp-json\/wp\/v2\/types\/page"}],"author":[{"embeddable":true,"href":"https:\/\/k-fachberatung.de\/en\/wp-json\/wp\/v2\/users\/1"}],"replies":[{"embeddable":true,"href":"https:\/\/k-fachberatung.de\/en\/wp-json\/wp\/v2\/comments?post=782"}],"version-history":[{"count":25,"href":"https:\/\/k-fachberatung.de\/en\/wp-json\/wp\/v2\/pages\/782\/revisions"}],"predecessor-version":[{"id":1244,"href":"https:\/\/k-fachberatung.de\/en\/wp-json\/wp\/v2\/pages\/782\/revisions\/1244"}],"wp:attachment":[{"href":"https:\/\/k-fachberatung.de\/en\/wp-json\/wp\/v2\/media?parent=782"}],"curies":[{"name":"wp","href":"https:\/\/api.w.org\/{rel}","templated":true}]}}